{"id":1116,"date":"2022-09-21T09:54:46","date_gmt":"2022-09-21T09:54:46","guid":{"rendered":"http:\/\/localhost\/Terrassement\/?post_type=product&#038;p=1116"},"modified":"2022-12-21T09:38:24","modified_gmt":"2022-12-21T09:38:24","slug":"dumper-wacker","status":"publish","type":"product","link":"https:\/\/preprod.sabsoft.net\/tn\/mslocation\/product\/dumper-wacker\/","title":{"rendered":"Dumper Wacker Neuson d25-02"},"content":{"rendered":"<h4><em><b>Caract\u00e9ristiques techniques<\/b><\/em><\/h4>\n<p><span style=\"font-weight: 400;\">Charge utile : 2.000 kg<\/span><\/p>\n<p><span style=\"font-weight: 400;\">Poids \u00e0 vide : 1.810 kg<\/span><\/p>\n<p><span style=\"font-weight: 400;\">Moteur : Diesel<\/span><\/p>\n<p><span style=\"font-weight: 400;\">Puissance du moteur selon ISO 3064\/1 : 22,5 kW<\/span><\/p>\n<p><span style=\"font-weight: 400;\">Cylindr\u00e9e : 1.331 cm\u00b3<\/span><\/p>\n<p><span style=\"font-weight: 400;\">Vitesse de d\u00e9placement : 21 km\/h<\/span><\/p>\n<p><span style=\"font-weight: 400;\">Volume du godet \u00e0 ras : 9360 L<\/span><\/p>\n<p><span style=\"font-weight: 400;\">Volume du godet en d\u00f4me : 1 210 696<\/span><\/p>\n<p><span style=\"font-weight: 400;\">Angle de fl\u00e8che : 37 \u00b0<\/span><\/p>\n<p><span style=\"font-weight: 400;\">Rayon de braquage : 3.500 mm<\/span><\/p>\n<p><span style=\"font-weight: 400;\">Pente franchissable : 45 %<\/span><\/p>\n<p><span style=\"font-weight: 400;\">L x l x H : 3 420 mm x 1 485 mm x 2 650 mm<\/span><\/p>\n<p><span style=\"font-weight: 400;\">Angle d&#8217;oscillation : 15 \u00b0<\/span><\/p>\n<hr \/>\n<h5>Utilisation:<\/h5>\n<p><span style=\"font-weight: 400;\">Dumper Wacker Neuson est adapt\u00e9 par nos clients \u00e0 une conduite tout terrain, gr\u00e2ce \u00e0 leur 4 roues directrices hydrostatiques proposant une force de traction constante. <\/span><br \/>\n<span style=\"font-weight: 400;\">Les dumpers sur chenilles sont performants sur tous types de terrains : avec de fortes pentes, sableux, caillouteux&#8230; <\/span><br \/>\n<span style=\"font-weight: 400;\">Dumper Wacker Neuson peuvent englobe tous type de d\u00e9chets mis \u00e0 par les gravats et la ferraille pour des raisons de poids.<\/span><\/p>\n<hr \/>\n<p>&nbsp;<\/p>\n","protected":false},"excerpt":{"rendered":"<p><span style=\"font-weight: 400;\">Simplifiez-vous la vie en r\u00e9servant votre Dumper Wacker Neuson en quelques clics !<\/span><span style=\"font-weight: 400;\"> MS terrassement est \u00e0 votre disposition pour vous louer dumper Wacker Neuson d25-02 pour effectuer vos travaux.<\/span><br \/>\n<span style=\"font-weight: 400;\">Notre produit est:<\/span><\/p>\n<ul>\n<li><span style=\"font-weight: 400;\">Avec une bonne qualit\u00e9<\/span><\/li>\n<li><span style=\"font-weight: 400;\">Joignable<\/span><\/li>\n<li><span style=\"font-weight: 400;\">Avec un meilleur service<\/span><\/li>\n<\/ul>\n<p><button type=\"button\"><a href=\"https:\/\/preprod.sabsoft.net\/tn\/mslocation\/contact-nous\/\">Demander un devis<\/a><\/button><\/p>\n","protected":false},"featured_media":3720,"comment_status":"open","ping_status":"closed","template":"","meta":[],"product_cat":[55],"product_tag":[60,62,64,59,65,63,66,56,58],"class_list":["post-1116","product","type-product","status-publish","has-post-thumbnail","hentry","product_cat-autre","product_tag-assainissement","product_tag-benne","product_tag-curage","product_tag-demolition","product_tag-drainage","product_tag-groupe-electrogene","product_tag-maconnerie","product_tag-mini-pelle","product_tag-terrassement"],"yoast_head":"<!-- This site is optimized with the Yoast SEO plugin v19.9 - https:\/\/yoast.com\/wordpress\/plugins\/seo\/ -->\n<title>Dumper Wacker Neuson d25-02 - Terrassement<\/title>\n<meta name=\"robots\" content=\"index, follow, max-snippet:-1, max-image-preview:large, max-video-preview:-1\" \/>\n<link rel=\"canonical\" href=\"https:\/\/preprod.sabsoft.net\/tn\/mslocation\/product\/dumper-wacker\/\" \/>\n<meta property=\"og:locale\" content=\"en_US\" \/>\n<meta property=\"og:type\" content=\"article\" \/>\n<meta property=\"og:title\" content=\"Dumper Wacker Neuson d25-02 - Terrassement\" \/>\n<meta property=\"og:description\" content=\"Simplifiez-vous la vie en r\u00e9servant votre Dumper Wacker Neuson en quelques clics ! MS terrassement est \u00e0 votre disposition pour vous louer dumper Wacker Neuson d25-02 pour effectuer vos travaux. Notre produit est:   Avec une bonne qualit\u00e9  Joignable  Avec un meilleur service  Demander un devis\" \/>\n<meta property=\"og:url\" content=\"https:\/\/preprod.sabsoft.net\/tn\/mslocation\/product\/dumper-wacker\/\" \/>\n<meta property=\"og:site_name\" content=\"Terrassement\" \/>\n<meta property=\"article:modified_time\" content=\"2022-12-21T09:38:24+00:00\" \/>\n<meta property=\"og:image\" content=\"https:\/\/preprod.sabsoft.net\/tn\/mslocation\/wp-content\/uploads\/2022\/09\/IMAGE-39-Dumper-1.png\" \/>\n\t<meta property=\"og:image:width\" content=\"213\" \/>\n\t<meta property=\"og:image:height\" content=\"213\" \/>\n\t<meta property=\"og:image:type\" content=\"image\/png\" \/>\n<meta name=\"twitter:card\" content=\"summary_large_image\" \/>\n<meta name=\"twitter:label1\" content=\"Est. reading time\" \/>\n\t<meta name=\"twitter:data1\" content=\"1 minute\" \/>\n<script type=\"application\/ld+json\" class=\"yoast-schema-graph\">{\"@context\":\"https:\/\/schema.org\",\"@graph\":[{\"@type\":\"WebPage\",\"@id\":\"https:\/\/preprod.sabsoft.net\/tn\/mslocation\/product\/dumper-wacker\/\",\"url\":\"https:\/\/preprod.sabsoft.net\/tn\/mslocation\/product\/dumper-wacker\/\",\"name\":\"Dumper Wacker Neuson d25-02 - Terrassement\",\"isPartOf\":{\"@id\":\"https:\/\/preprod.sabsoft.net\/tn\/mslocation\/#website\"},\"datePublished\":\"2022-09-21T09:54:46+00:00\",\"dateModified\":\"2022-12-21T09:38:24+00:00\",\"breadcrumb\":{\"@id\":\"https:\/\/preprod.sabsoft.net\/tn\/mslocation\/product\/dumper-wacker\/#breadcrumb\"},\"inLanguage\":\"en-US\",\"potentialAction\":[{\"@type\":\"ReadAction\",\"target\":[\"https:\/\/preprod.sabsoft.net\/tn\/mslocation\/product\/dumper-wacker\/\"]}]},{\"@type\":\"BreadcrumbList\",\"@id\":\"https:\/\/preprod.sabsoft.net\/tn\/mslocation\/product\/dumper-wacker\/#breadcrumb\",\"itemListElement\":[{\"@type\":\"ListItem\",\"position\":1,\"name\":\"Accueil\",\"item\":\"https:\/\/preprod.sabsoft.net\/tn\/mslocation\/\"},{\"@type\":\"ListItem\",\"position\":2,\"name\":\"Location TP\",\"item\":\"https:\/\/preprod.sabsoft.net\/tn\/mslocation\/location-tp\/\"},{\"@type\":\"ListItem\",\"position\":3,\"name\":\"Dumper Wacker Neuson d25-02\"}]},{\"@type\":\"WebSite\",\"@id\":\"https:\/\/preprod.sabsoft.net\/tn\/mslocation\/#website\",\"url\":\"https:\/\/preprod.sabsoft.net\/tn\/mslocation\/\",\"name\":\"Terrassement\",\"description\":\"Entreprise de terrassement en seine et marne- MS Terrassement\",\"potentialAction\":[{\"@type\":\"SearchAction\",\"target\":{\"@type\":\"EntryPoint\",\"urlTemplate\":\"https:\/\/preprod.sabsoft.net\/tn\/mslocation\/?s={search_term_string}\"},\"query-input\":\"required name=search_term_string\"}],\"inLanguage\":\"en-US\"}]}<\/script>\n<!-- \/ Yoast SEO plugin. -->","yoast_head_json":{"title":"Dumper Wacker Neuson d25-02 - Terrassement","robots":{"index":"index","follow":"follow","max-snippet":"max-snippet:-1","max-image-preview":"max-image-preview:large","max-video-preview":"max-video-preview:-1"},"canonical":"https:\/\/preprod.sabsoft.net\/tn\/mslocation\/product\/dumper-wacker\/","og_locale":"en_US","og_type":"article","og_title":"Dumper Wacker Neuson d25-02 - Terrassement","og_description":"Simplifiez-vous la vie en r\u00e9servant votre Dumper Wacker Neuson en quelques clics ! MS terrassement est \u00e0 votre disposition pour vous louer dumper Wacker Neuson d25-02 pour effectuer vos travaux. Notre produit est:   Avec une bonne qualit\u00e9  Joignable  Avec un meilleur service  Demander un devis","og_url":"https:\/\/preprod.sabsoft.net\/tn\/mslocation\/product\/dumper-wacker\/","og_site_name":"Terrassement","article_modified_time":"2022-12-21T09:38:24+00:00","og_image":[{"width":213,"height":213,"url":"https:\/\/preprod.sabsoft.net\/tn\/mslocation\/wp-content\/uploads\/2022\/09\/IMAGE-39-Dumper-1.png","type":"image\/png"}],"twitter_card":"summary_large_image","twitter_misc":{"Est. reading time":"1 minute"},"schema":{"@context":"https:\/\/schema.org","@graph":[{"@type":"WebPage","@id":"https:\/\/preprod.sabsoft.net\/tn\/mslocation\/product\/dumper-wacker\/","url":"https:\/\/preprod.sabsoft.net\/tn\/mslocation\/product\/dumper-wacker\/","name":"Dumper Wacker Neuson d25-02 - Terrassement","isPartOf":{"@id":"https:\/\/preprod.sabsoft.net\/tn\/mslocation\/#website"},"datePublished":"2022-09-21T09:54:46+00:00","dateModified":"2022-12-21T09:38:24+00:00","breadcrumb":{"@id":"https:\/\/preprod.sabsoft.net\/tn\/mslocation\/product\/dumper-wacker\/#breadcrumb"},"inLanguage":"en-US","potentialAction":[{"@type":"ReadAction","target":["https:\/\/preprod.sabsoft.net\/tn\/mslocation\/product\/dumper-wacker\/"]}]},{"@type":"BreadcrumbList","@id":"https:\/\/preprod.sabsoft.net\/tn\/mslocation\/product\/dumper-wacker\/#breadcrumb","itemListElement":[{"@type":"ListItem","position":1,"name":"Accueil","item":"https:\/\/preprod.sabsoft.net\/tn\/mslocation\/"},{"@type":"ListItem","position":2,"name":"Location TP","item":"https:\/\/preprod.sabsoft.net\/tn\/mslocation\/location-tp\/"},{"@type":"ListItem","position":3,"name":"Dumper Wacker Neuson d25-02"}]},{"@type":"WebSite","@id":"https:\/\/preprod.sabsoft.net\/tn\/mslocation\/#website","url":"https:\/\/preprod.sabsoft.net\/tn\/mslocation\/","name":"Terrassement","description":"Entreprise de terrassement en seine et marne- MS Terrassement","potentialAction":[{"@type":"SearchAction","target":{"@type":"EntryPoint","urlTemplate":"https:\/\/preprod.sabsoft.net\/tn\/mslocation\/?s={search_term_string}"},"query-input":"required name=search_term_string"}],"inLanguage":"en-US"}]}},"_links":{"self":[{"href":"https:\/\/preprod.sabsoft.net\/tn\/mslocation\/wp-json\/wp\/v2\/product\/1116","targetHints":{"allow":["GET"]}}],"collection":[{"href":"https:\/\/preprod.sabsoft.net\/tn\/mslocation\/wp-json\/wp\/v2\/product"}],"about":[{"href":"https:\/\/preprod.sabsoft.net\/tn\/mslocation\/wp-json\/wp\/v2\/types\/product"}],"replies":[{"embeddable":true,"href":"https:\/\/preprod.sabsoft.net\/tn\/mslocation\/wp-json\/wp\/v2\/comments?post=1116"}],"wp:featuredmedia":[{"embeddable":true,"href":"https:\/\/preprod.sabsoft.net\/tn\/mslocation\/wp-json\/wp\/v2\/media\/3720"}],"wp:attachment":[{"href":"https:\/\/preprod.sabsoft.net\/tn\/mslocation\/wp-json\/wp\/v2\/media?parent=1116"}],"wp:term":[{"taxonomy":"product_cat","embeddable":true,"href":"https:\/\/preprod.sabsoft.net\/tn\/mslocation\/wp-json\/wp\/v2\/product_cat?post=1116"},{"taxonomy":"product_tag","embeddable":true,"href":"https:\/\/preprod.sabsoft.net\/tn\/mslocation\/wp-json\/wp\/v2\/product_tag?post=1116"}],"curies":[{"name":"wp","href":"https:\/\/api.w.org\/{rel}","templated":true}]}}